{"id":21656,"date":"2023-10-24T14:14:43","date_gmt":"2023-10-24T14:14:43","guid":{"rendered":"https:\/\/sellingsunsetmallorca.com\/kaufen\/"},"modified":"2024-05-02T10:05:52","modified_gmt":"2024-05-02T10:05:52","slug":"kaufen","status":"publish","type":"page","link":"https:\/\/sellingsunsetmallorca.com\/de\/kaufen\/","title":{"rendered":"Kaufen"},"content":{"rendered":"\t\t<div data-elementor-type=\"wp-post\" data-elementor-id=\"21656\" class=\"elementor elementor-21656 elementor-19519\" data-elementor-post-type=\"page\">\n\t\t\t\t<div class=\"elementor-element elementor-element-fc944f9 e-con-full e-flex e-con e-parent\" data-id=\"fc944f9\" data-element_type=\"container\" data-settings=\"{&quot;background_background&quot;:&quot;classic&quot;}\">\n\t\t\t\t<div class=\"elementor-element elementor-element-c18861c elementor-widget elementor-widget-heading\" data-id=\"c18861c\" data-element_type=\"widget\" data-widget_type=\"heading.default\">\n\t\t\t\t<div class=\"elementor-widget-container\">\n\t\t\t\t\t<h2 class=\"elementor-heading-title elementor-size-default\">IMMOBILIEN AUF MALLORCA KAUFEN<\/h2>\t\t\t\t<\/div>\n\t\t\t\t<\/div>\n\t\t\t\t<\/div>\n\t\t<div class=\"elementor-element elementor-element-2870515 e-flex e-con-boxed e-con e-parent\" data-id=\"2870515\" data-element_type=\"container\">\n\t\t\t\t\t<div class=\"e-con-inner\">\n\t\t\t\t<div class=\"elementor-element elementor-element-fe3dbd8 elementor-widget elementor-widget-text-editor\" data-id=\"fe3dbd8\" data-element_type=\"widget\" data-widget_type=\"text-editor.default\">\n\t\t\t\t<div class=\"elementor-widget-container\">\n\t\t\t\t\t\t\t\t\t<p>Der Kauf einer Immobilie ist mehr als nur eine Transaktion; es ist eine unglaublich wichtige Lebensentscheidung. Wir von Selling Sunset Mallorca verstehen die Bedeutung dieser Entscheidung und setzen uns daf\u00fcr ein, Ihnen eine reibungslose und sichere Umsetzung zu erm\u00f6glichen.<\/p><p>\u00a0<\/p><p>Unsere langj\u00e4hrige Erfahrung in der Branche und fundierte Kenntnisse des mallorquinischen Immobilienmarktes zeichnen uns aus und stellen sicher, dass Sie nicht nur die richtige Immobilie finden, sondern auch den besten Preis zahlen. Neben unserer umfassenden Marktkenntnis erm\u00f6glicht uns unser \u00fcber mehrere Jahrzehnte aufgebautes Netzwerk einen gezielten Zugang zu Immobilien, die nicht auf dem Markt sind, sowie Exklusivit\u00e4t bei bestimmten Angeboten. Ganz gleich, ob Sie zum ersten Mal eine Immobilie auf Mallorca kaufen oder zum zehnten Mal, wir gehen aktiv auf Ihre Bed\u00fcrfnisse ein und stellen sicher, dass Sie ein umfassendes Verst\u00e4ndnis f\u00fcr den Wert der Immobilie erhalten, so dass Ihre Investition sowohl gef\u00fchlsm\u00e4\u00dfig lohnend als auch finanziell sinnvoll ist.<\/p><p>\u00a0<\/p><p>Wenn Sie eine Immobilie gefunden haben, die Ihnen entspricht, setzen wir unser Engagement fort &#8211; von der Abwicklung der Verhandlungen bis hin zu den komplizierten Inspektionen, dem Umgang mit den Anw\u00e4lten und der Organisation der \u00dcbergabe &#8211; unser Einsatz ist allumfassend. Dar\u00fcber hinaus bieten wir Ihnen Einblicke in die M\u00f6glichkeiten, die Ihre Immobilie bietet, und unterbreiten Ihnen bei Bedarf Vorschl\u00e4ge f\u00fcr Verbesserungen oder Erg\u00e4nzungen, die dann von unserem Partnerbauunternehmen umgesetzt werden k\u00f6nnen.<\/p><p>\u00a0<\/p><p>Bitte setzen Sie sich mit uns in Verbindung, um einen Gespr\u00e4chstermin zu vereinbaren.<\/p>\t\t\t\t\t\t\t\t<\/div>\n\t\t\t\t<\/div>\n\t\t\t\t<div class=\"elementor-element elementor-element-3857f90 elementor-widget elementor-widget-button\" data-id=\"3857f90\" data-element_type=\"widget\" data-widget_type=\"button.default\">\n\t\t\t\t<div class=\"elementor-widget-container\">\n\t\t\t\t\t\t\t\t\t<div class=\"elementor-button-wrapper\">\n\t\t\t\t\t<a class=\"elementor-button elementor-button-link elementor-size-xs\" href=\"https:\/\/sellingsunsetmallorca.com\/all-properties\/\">\n\t\t\t\t\t\t<span class=\"elementor-button-content-wrapper\">\n\t\t\t\t\t\t\t\t\t<span class=\"elementor-button-text\">ENTDECKEN SIE IMMOBILIEN AUF MALLORCA<\/span>\n\t\t\t\t\t<\/span>\n\t\t\t\t\t<\/a>\n\t\t\t\t<\/div>\n\t\t\t\t\t\t\t\t<\/div>\n\t\t\t\t<\/div>\n\t\t\t\t\t<\/div>\n\t\t\t\t<\/div>\n\t\t<div class=\"elementor-element elementor-element-b040f2f e-con-full e-flex e-con e-parent\" data-id=\"b040f2f\" data-element_type=\"container\" data-settings=\"{&quot;background_background&quot;:&quot;classic&quot;}\">\n\t\t<div class=\"elementor-element elementor-element-28c1e50 e-con-full e-flex e-con e-child\" data-id=\"28c1e50\" data-element_type=\"container\" data-settings=\"{&quot;background_background&quot;:&quot;classic&quot;}\">\n\t\t\t\t<div class=\"elementor-element elementor-element-ebd8768 elementor-widget elementor-widget-heading\" data-id=\"ebd8768\" data-element_type=\"widget\" data-widget_type=\"heading.default\">\n\t\t\t\t<div class=\"elementor-widget-container\">\n\t\t\t\t\t<h4 class=\"elementor-heading-title elementor-size-default\">TRETEN SIE UNSEREM NETZWERK BEI\u200b\n<\/h4>\t\t\t\t<\/div>\n\t\t\t\t<\/div>\n\t\t\t\t<div class=\"elementor-element elementor-element-acfdd19 elementor-widget__width-inherit elementor-button-align-stretch elementor-widget elementor-widget-form\" data-id=\"acfdd19\" data-element_type=\"widget\" data-settings=\"{&quot;step_next_label&quot;:&quot;Weiter&quot;,&quot;step_previous_label&quot;:&quot;Vorherige&quot;,&quot;button_width&quot;:&quot;100&quot;,&quot;step_type&quot;:&quot;number_text&quot;,&quot;step_icon_shape&quot;:&quot;circle&quot;}\" data-widget_type=\"form.default\">\n\t\t\t\t<div class=\"elementor-widget-container\">\n\t\t\t\t\t\t\t<form class=\"elementor-form\" method=\"post\" name=\"Newsletter abonnieren\">\n\t\t\t<input type=\"hidden\" name=\"post_id\" value=\"21656\"\/>\n\t\t\t<input type=\"hidden\" name=\"form_id\" value=\"acfdd19\"\/>\n\t\t\t<input type=\"hidden\" name=\"referer_title\" value=\"Selling Sunset Mallorca\" \/>\n\n\t\t\t\n\t\t\t<div class=\"elementor-form-fields-wrapper elementor-labels-above\">\n\t\t\t\t\t\t\t\t<div class=\"elementor-field-type-text elementor-field-group elementor-column elementor-field-group-field_5446616 elementor-col-100 elementor-field-required elementor-mark-required\">\n\t\t\t\t\t\t\t\t\t\t\t\t<label for=\"form-field-field_5446616\" class=\"elementor-field-label\">\n\t\t\t\t\t\t\t\tVornamen\t\t\t\t\t\t\t<\/label>\n\t\t\t\t\t\t\t\t\t\t\t\t\t\t<input size=\"1\" type=\"text\" name=\"form_fields[field_5446616]\" id=\"form-field-field_5446616\" class=\"elementor-field elementor-size-sm  elementor-field-textual\" placeholder=\"Vornamen\" required=\"required\">\n\t\t\t\t\t\t\t\t\t\t\t<\/div>\n\t\t\t\t\t\t\t\t<div class=\"elementor-field-type-text elementor-field-group elementor-column elementor-field-group-field_a547367 elementor-col-100 elementor-field-required elementor-mark-required\">\n\t\t\t\t\t\t\t\t\t\t\t\t<label for=\"form-field-field_a547367\" class=\"elementor-field-label\">\n\t\t\t\t\t\t\t\tNachname\t\t\t\t\t\t\t<\/label>\n\t\t\t\t\t\t\t\t\t\t\t\t\t\t<input size=\"1\" type=\"text\" name=\"form_fields[field_a547367]\" id=\"form-field-field_a547367\" class=\"elementor-field elementor-size-sm  elementor-field-textual\" placeholder=\"Nachname\" required=\"required\">\n\t\t\t\t\t\t\t\t\t\t\t<\/div>\n\t\t\t\t\t\t\t\t<div class=\"elementor-field-type-email elementor-field-group elementor-column elementor-field-group-email elementor-col-100 elementor-field-required elementor-mark-required\">\n\t\t\t\t\t\t\t\t\t\t\t\t<label for=\"form-field-email\" class=\"elementor-field-label\">\n\t\t\t\t\t\t\t\tE-Mail\t\t\t\t\t\t\t<\/label>\n\t\t\t\t\t\t\t\t\t\t\t\t\t\t<input size=\"1\" type=\"email\" name=\"form_fields[email]\" id=\"form-field-email\" class=\"elementor-field elementor-size-sm  elementor-field-textual\" placeholder=\"E-Mail\" required=\"required\">\n\t\t\t\t\t\t\t\t\t\t\t<\/div>\n\t\t\t\t\t\t\t\t<div class=\"elementor-field-group elementor-column elementor-field-type-submit elementor-col-100 e-form__buttons\">\n\t\t\t\t\t<button class=\"elementor-button elementor-size-sm\" type=\"submit\">\n\t\t\t\t\t\t<span class=\"elementor-button-content-wrapper\">\n\t\t\t\t\t\t\t\t\t\t\t\t\t\t\t\t\t\t\t\t\t\t<span class=\"elementor-button-text\">Absenden<\/span>\n\t\t\t\t\t\t\t\t\t\t\t\t\t<\/span>\n\t\t\t\t\t<\/button>\n\t\t\t\t<\/div>\n\t\t\t<\/div>\n\t\t<\/form>\n\t\t\t\t\t\t<\/div>\n\t\t\t\t<\/div>\n\t\t\t\t<\/div>\n\t\t<div class=\"elementor-element elementor-element-fa6c918 e-con-full e-flex e-con e-child\" data-id=\"fa6c918\" data-element_type=\"container\" data-settings=\"{&quot;background_background&quot;:&quot;classic&quot;}\">\n\t\t\t\t<div class=\"elementor-element elementor-element-7f998a7 elementor-widget__width-initial elementor-widget elementor-widget-heading\" data-id=\"7f998a7\" data-element_type=\"widget\" data-widget_type=\"heading.default\">\n\t\t\t\t<div class=\"elementor-widget-container\">\n\t\t\t\t\t<h2 class=\"elementor-heading-title elementor-size-default\">LUXUSIMMOBILIEN NEWSLETTER\n<\/h2>\t\t\t\t<\/div>\n\t\t\t\t<\/div>\n\t\t\t\t<div class=\"elementor-element elementor-element-c5617a6 elementor-widget elementor-widget-text-editor\" data-id=\"c5617a6\" data-element_type=\"widget\" data-widget_type=\"text-editor.default\">\n\t\t\t\t<div class=\"elementor-widget-container\">\n\t\t\t\t\t\t\t\t\t<p class=\"p1\">Bleiben Sie auf dem neuesten Stand \u00fcber erstklassige Immobilien- und Entwicklungsprojekte auf Mallorca.<\/p>\t\t\t\t\t\t\t\t<\/div>\n\t\t\t\t<\/div>\n\t\t<div class=\"elementor-element elementor-element-8330611 e-flex e-con-boxed e-con e-child\" data-id=\"8330611\" data-element_type=\"container\" data-settings=\"{&quot;background_background&quot;:&quot;classic&quot;}\">\n\t\t\t\t\t<div class=\"e-con-inner\">\n\t\t\t\t<div class=\"elementor-element elementor-element-5b2bac8 elementor-widget elementor-widget-text-editor\" data-id=\"5b2bac8\" data-element_type=\"widget\" data-widget_type=\"text-editor.default\">\n\t\t\t\t<div class=\"elementor-widget-container\">\n\t\t\t\t\t\t\t\t\t<p>Rufen Sie uns an<\/p>\n\t\t\t\t\t\t\t\t<\/div>\n\t\t\t\t<\/div>\n\t\t\t\t<div class=\"elementor-element elementor-element-9cfd552 elementor-widget elementor-widget-text-editor\" data-id=\"9cfd552\" data-element_type=\"widget\" data-widget_type=\"text-editor.default\">\n\t\t\t\t<div class=\"elementor-widget-container\">\n\t\t\t\t\t\t\t\t\t<p><span style=\"color: #ffffff;\"><a style=\"color: #ffffff;\" href=\"tel:+34638795666\">+34 638 79 56 66<\/a><\/span><\/p>\n\t\t\t\t\t\t\t\t<\/div>\n\t\t\t\t<\/div>\n\t\t\t\t\t<\/div>\n\t\t\t\t<\/div>\n\t\t\t\t<\/div>\n\t\t\t\t<\/div>\n\t\t\t\t<\/div>\n\t\t","protected":false},"excerpt":{"rendered":"<p>IMMOBILIEN AUF MALLORCA KAUFEN Der Kauf einer Immobilie ist mehr als nur eine Transaktion; es ist eine unglaublich wichtige Lebensentscheidung. Wir von Selling Sunset Mallorca verstehen die Bedeutung dieser Entscheidung und setzen uns daf\u00fcr ein, Ihnen eine reibungslose und sichere Umsetzung zu erm\u00f6glichen. \u00a0 Unsere langj\u00e4hrige Erfahrung in der Branche und fundierte Kenntnisse des mallorquinischen Immobilienmarktes zeichnen uns aus und stellen sicher, dass Sie &#8230;<\/p>\n","protected":false},"author":1,"featured_media":0,"parent":0,"menu_order":0,"comment_status":"closed","ping_status":"closed","template":"elementor_header_footer","meta":{"footnotes":""},"class_list":["post-21656","page","type-page","status-publish","hentry"],"yoast_head":"<!-- This site is optimized with the Yoast SEO plugin v25.3.1 - https:\/\/yoast.com\/wordpress\/plugins\/seo\/ -->\n<title>Kaufen - Selling Sunset Mallorca<\/title>\n<meta name=\"robots\" content=\"index, follow, max-snippet:-1, max-image-preview:large, max-video-preview:-1\" \/>\n<link rel=\"canonical\" href=\"https:\/\/sellingsunsetmallorca.com\/de\/kaufen\/\" \/>\n<meta property=\"og:locale\" content=\"de_DE\" \/>\n<meta property=\"og:type\" content=\"article\" \/>\n<meta property=\"og:title\" content=\"Kaufen - Selling Sunset Mallorca\" \/>\n<meta property=\"og:description\" content=\"IMMOBILIEN AUF MALLORCA KAUFEN Der Kauf einer Immobilie ist mehr als nur eine Transaktion; es ist eine unglaublich wichtige Lebensentscheidung. Wir von Selling Sunset Mallorca verstehen die Bedeutung dieser Entscheidung und setzen uns daf\u00fcr ein, Ihnen eine reibungslose und sichere Umsetzung zu erm\u00f6glichen. \u00a0 Unsere langj\u00e4hrige Erfahrung in der Branche und fundierte Kenntnisse des mallorquinischen Immobilienmarktes zeichnen uns aus und stellen sicher, dass Sie ...\" \/>\n<meta property=\"og:url\" content=\"https:\/\/sellingsunsetmallorca.com\/de\/kaufen\/\" \/>\n<meta property=\"og:site_name\" content=\"Selling Sunset Mallorca\" \/>\n<meta property=\"article:modified_time\" content=\"2024-05-02T10:05:52+00:00\" \/>\n<meta name=\"twitter:card\" content=\"summary_large_image\" \/>\n<meta name=\"twitter:label1\" content=\"Gesch\u00e4tzte Lesezeit\" \/>\n\t<meta name=\"twitter:data1\" content=\"2\u00a0Minuten\" \/>\n<script type=\"application\/ld+json\" class=\"yoast-schema-graph\">{\"@context\":\"https:\/\/schema.org\",\"@graph\":[{\"@type\":\"WebPage\",\"@id\":\"https:\/\/sellingsunsetmallorca.com\/de\/kaufen\/\",\"url\":\"https:\/\/sellingsunsetmallorca.com\/de\/kaufen\/\",\"name\":\"Kaufen - Selling Sunset Mallorca\",\"isPartOf\":{\"@id\":\"https:\/\/sellingsunsetmallorca.com\/de\/#website\"},\"datePublished\":\"2023-10-24T14:14:43+00:00\",\"dateModified\":\"2024-05-02T10:05:52+00:00\",\"breadcrumb\":{\"@id\":\"https:\/\/sellingsunsetmallorca.com\/de\/kaufen\/#breadcrumb\"},\"inLanguage\":\"de\",\"potentialAction\":[{\"@type\":\"ReadAction\",\"target\":[\"https:\/\/sellingsunsetmallorca.com\/de\/kaufen\/\"]}]},{\"@type\":\"BreadcrumbList\",\"@id\":\"https:\/\/sellingsunsetmallorca.com\/de\/kaufen\/#breadcrumb\",\"itemListElement\":[{\"@type\":\"ListItem\",\"position\":1,\"name\":\"Home\",\"item\":\"https:\/\/sellingsunsetmallorca.com\/de\/\"},{\"@type\":\"ListItem\",\"position\":2,\"name\":\"Kaufen\"}]},{\"@type\":\"WebSite\",\"@id\":\"https:\/\/sellingsunsetmallorca.com\/de\/#website\",\"url\":\"https:\/\/sellingsunsetmallorca.com\/de\/\",\"name\":\"Selling Sunset Mallorca\",\"description\":\"Unique properties for every lifestyle\",\"publisher\":{\"@id\":\"https:\/\/sellingsunsetmallorca.com\/de\/#organization\"},\"potentialAction\":[{\"@type\":\"SearchAction\",\"target\":{\"@type\":\"EntryPoint\",\"urlTemplate\":\"https:\/\/sellingsunsetmallorca.com\/de\/?s={search_term_string}\"},\"query-input\":{\"@type\":\"PropertyValueSpecification\",\"valueRequired\":true,\"valueName\":\"search_term_string\"}}],\"inLanguage\":\"de\"},{\"@type\":\"Organization\",\"@id\":\"https:\/\/sellingsunsetmallorca.com\/de\/#organization\",\"name\":\"Selling Sunset Mallorca\",\"url\":\"https:\/\/sellingsunsetmallorca.com\/de\/\",\"logo\":{\"@type\":\"ImageObject\",\"inLanguage\":\"de\",\"@id\":\"https:\/\/sellingsunsetmallorca.com\/de\/#\/schema\/logo\/image\/\",\"url\":\"https:\/\/sellingsunsetmallorca.com\/wp-content\/uploads\/2023\/09\/selling-sunset-horizontal-red.svg\",\"contentUrl\":\"https:\/\/sellingsunsetmallorca.com\/wp-content\/uploads\/2023\/09\/selling-sunset-horizontal-red.svg\",\"width\":277,\"height\":41,\"caption\":\"Selling Sunset Mallorca\"},\"image\":{\"@id\":\"https:\/\/sellingsunsetmallorca.com\/de\/#\/schema\/logo\/image\/\"}}]}<\/script>\n<!-- \/ Yoast SEO plugin. -->","yoast_head_json":{"title":"Kaufen - Selling Sunset Mallorca","robots":{"index":"index","follow":"follow","max-snippet":"max-snippet:-1","max-image-preview":"max-image-preview:large","max-video-preview":"max-video-preview:-1"},"canonical":"https:\/\/sellingsunsetmallorca.com\/de\/kaufen\/","og_locale":"de_DE","og_type":"article","og_title":"Kaufen - Selling Sunset Mallorca","og_description":"IMMOBILIEN AUF MALLORCA KAUFEN Der Kauf einer Immobilie ist mehr als nur eine Transaktion; es ist eine unglaublich wichtige Lebensentscheidung. Wir von Selling Sunset Mallorca verstehen die Bedeutung dieser Entscheidung und setzen uns daf\u00fcr ein, Ihnen eine reibungslose und sichere Umsetzung zu erm\u00f6glichen. \u00a0 Unsere langj\u00e4hrige Erfahrung in der Branche und fundierte Kenntnisse des mallorquinischen Immobilienmarktes zeichnen uns aus und stellen sicher, dass Sie ...","og_url":"https:\/\/sellingsunsetmallorca.com\/de\/kaufen\/","og_site_name":"Selling Sunset Mallorca","article_modified_time":"2024-05-02T10:05:52+00:00","twitter_card":"summary_large_image","twitter_misc":{"Gesch\u00e4tzte Lesezeit":"2\u00a0Minuten"},"schema":{"@context":"https:\/\/schema.org","@graph":[{"@type":"WebPage","@id":"https:\/\/sellingsunsetmallorca.com\/de\/kaufen\/","url":"https:\/\/sellingsunsetmallorca.com\/de\/kaufen\/","name":"Kaufen - Selling Sunset Mallorca","isPartOf":{"@id":"https:\/\/sellingsunsetmallorca.com\/de\/#website"},"datePublished":"2023-10-24T14:14:43+00:00","dateModified":"2024-05-02T10:05:52+00:00","breadcrumb":{"@id":"https:\/\/sellingsunsetmallorca.com\/de\/kaufen\/#breadcrumb"},"inLanguage":"de","potentialAction":[{"@type":"ReadAction","target":["https:\/\/sellingsunsetmallorca.com\/de\/kaufen\/"]}]},{"@type":"BreadcrumbList","@id":"https:\/\/sellingsunsetmallorca.com\/de\/kaufen\/#breadcrumb","itemListElement":[{"@type":"ListItem","position":1,"name":"Home","item":"https:\/\/sellingsunsetmallorca.com\/de\/"},{"@type":"ListItem","position":2,"name":"Kaufen"}]},{"@type":"WebSite","@id":"https:\/\/sellingsunsetmallorca.com\/de\/#website","url":"https:\/\/sellingsunsetmallorca.com\/de\/","name":"Selling Sunset Mallorca","description":"Unique properties for every lifestyle","publisher":{"@id":"https:\/\/sellingsunsetmallorca.com\/de\/#organization"},"potentialAction":[{"@type":"SearchAction","target":{"@type":"EntryPoint","urlTemplate":"https:\/\/sellingsunsetmallorca.com\/de\/?s={search_term_string}"},"query-input":{"@type":"PropertyValueSpecification","valueRequired":true,"valueName":"search_term_string"}}],"inLanguage":"de"},{"@type":"Organization","@id":"https:\/\/sellingsunsetmallorca.com\/de\/#organization","name":"Selling Sunset Mallorca","url":"https:\/\/sellingsunsetmallorca.com\/de\/","logo":{"@type":"ImageObject","inLanguage":"de","@id":"https:\/\/sellingsunsetmallorca.com\/de\/#\/schema\/logo\/image\/","url":"https:\/\/sellingsunsetmallorca.com\/wp-content\/uploads\/2023\/09\/selling-sunset-horizontal-red.svg","contentUrl":"https:\/\/sellingsunsetmallorca.com\/wp-content\/uploads\/2023\/09\/selling-sunset-horizontal-red.svg","width":277,"height":41,"caption":"Selling Sunset Mallorca"},"image":{"@id":"https:\/\/sellingsunsetmallorca.com\/de\/#\/schema\/logo\/image\/"}}]}},"_links":{"self":[{"href":"https:\/\/sellingsunsetmallorca.com\/de\/wp-json\/wp\/v2\/pages\/21656","targetHints":{"allow":["GET"]}}],"collection":[{"href":"https:\/\/sellingsunsetmallorca.com\/de\/wp-json\/wp\/v2\/pages"}],"about":[{"href":"https:\/\/sellingsunsetmallorca.com\/de\/wp-json\/wp\/v2\/types\/page"}],"author":[{"embeddable":true,"href":"https:\/\/sellingsunsetmallorca.com\/de\/wp-json\/wp\/v2\/users\/1"}],"replies":[{"embeddable":true,"href":"https:\/\/sellingsunsetmallorca.com\/de\/wp-json\/wp\/v2\/comments?post=21656"}],"version-history":[{"count":5,"href":"https:\/\/sellingsunsetmallorca.com\/de\/wp-json\/wp\/v2\/pages\/21656\/revisions"}],"predecessor-version":[{"id":21992,"href":"https:\/\/sellingsunsetmallorca.com\/de\/wp-json\/wp\/v2\/pages\/21656\/revisions\/21992"}],"wp:attachment":[{"href":"https:\/\/sellingsunsetmallorca.com\/de\/wp-json\/wp\/v2\/media?parent=21656"}],"curies":[{"name":"wp","href":"https:\/\/api.w.org\/{rel}","templated":true}]}}