{"id":21665,"date":"2023-11-03T14:30:12","date_gmt":"2023-11-03T14:30:12","guid":{"rendered":"https:\/\/sellingsunsetmallorca.com\/entwickeln-sie\/"},"modified":"2024-04-02T15:17:51","modified_gmt":"2024-04-02T15:17:51","slug":"immobilienentwicklung","status":"publish","type":"page","link":"https:\/\/sellingsunsetmallorca.com\/de\/immobilienentwicklung\/","title":{"rendered":"Immobilienentwicklung"},"content":{"rendered":"\t\t<div data-elementor-type=\"wp-post\" data-elementor-id=\"21665\" class=\"elementor elementor-21665 elementor-19957\" data-elementor-post-type=\"page\">\n\t\t\t\t<div class=\"elementor-element elementor-element-fc944f9 e-con-full e-flex e-con e-parent\" data-id=\"fc944f9\" data-element_type=\"container\" data-settings=\"{&quot;background_background&quot;:&quot;classic&quot;}\">\n\t\t\t\t<div class=\"elementor-element elementor-element-c18861c elementor-widget elementor-widget-heading\" data-id=\"c18861c\" data-element_type=\"widget\" data-widget_type=\"heading.default\">\n\t\t\t\t<div class=\"elementor-widget-container\">\n\t\t\t\t\t<h2 class=\"elementor-heading-title elementor-size-default\">Neubauten auf Mallorca<\/h2>\t\t\t\t<\/div>\n\t\t\t\t<\/div>\n\t\t\t\t<\/div>\n\t\t<div class=\"elementor-element elementor-element-2870515 e-flex e-con-boxed e-con e-parent\" data-id=\"2870515\" data-element_type=\"container\">\n\t\t\t\t\t<div class=\"e-con-inner\">\n\t\t\t\t<div class=\"elementor-element elementor-element-fe3dbd8 elementor-widget elementor-widget-text-editor\" data-id=\"fe3dbd8\" data-element_type=\"widget\" data-widget_type=\"text-editor.default\">\n\t\t\t\t<div class=\"elementor-widget-container\">\n\t\t\t\t\t\t\t\t\t<p>Ein Traumhaus von Grund auf zu bauen, ist eine monumentale Entscheidung, bei der sich Vision, Umsetzung und Expertise verbinden. Um dieses Vorhaben zu meistern, braucht man ein umfassendes Verst\u00e4ndnis der lokalen Vorschriften, Lizenzen und der Feinheiten der mallorquinischen Immobilienentwicklung.<\/p><p>\u00a0<\/p><p>Bei Selling Sunset Mallorca vereinfachen wir diesen komplexen Prozess f\u00fcr Sie. Unser Immobilienentwicklungsservice ist darauf ausgerichtet, jede Frage zu beantworten, jedes Detail zu verwalten und Ihre Visionen in greifbare Realit\u00e4t zu verwandeln. Mit unserem engagierten Team aus erfahrenen Architekten und sorgf\u00e4ltigen Projektmanagern findet Ihr Bauplan den perfekten Begleiter. Unser Partner-Bauunternehmen &#8211; mit \u00fcber einem Jahrzehnt praktischer Erfahrung im Bau und in der Renovierung von ma\u00dfgeschneiderten Villen, modernen Apartmentanlagen und Luxushotels auf Mallorca &#8211; hat sich einen bewundernswerten Ruf f\u00fcr die Lieferung tadelloser Qualit\u00e4t erworben.<\/p><p>\u00a0<\/p><p>Aber auch jenseits der baulichen Gegebenheiten ist unser Ansatz tief in der Zusammenarbeit verwurzelt. Wir glauben, dass der Grundstein f\u00fcr jedes erfolgreiche Projekt ein offener Dialog mit unseren Kunden ist. Wir m\u00f6chten Ihre W\u00fcnsche verstehen, sie mit den besten Materialien, Ressourcen und Handwerkern in Einklang bringen und Sie bei jedem Schritt auf dem Laufenden halten und einbeziehen. Bei Selling Sunset Mallorca versprechen wir nicht nur eine Immobilie, sondern ein Erlebnis, das den Luxus, den Charme und die Lebendigkeit dieser wundersch\u00f6nen Insel widerspiegelt.<\/p><p>\u00a0<\/p><p>F\u00fcr eine ausf\u00fchrliche Beratung nehmen Sie bitte Kontakt mit uns auf.<\/p>\t\t\t\t\t\t\t\t<\/div>\n\t\t\t\t<\/div>\n\t\t\t\t<div class=\"elementor-element elementor-element-3857f90 elementor-widget elementor-widget-button\" data-id=\"3857f90\" data-element_type=\"widget\" data-widget_type=\"button.default\">\n\t\t\t\t<div class=\"elementor-widget-container\">\n\t\t\t\t\t\t\t\t\t<div class=\"elementor-button-wrapper\">\n\t\t\t\t\t<a class=\"elementor-button elementor-button-link elementor-size-xs\" href=\"mailto:info@sellingsunsetmallorca.com\">\n\t\t\t\t\t\t<span class=\"elementor-button-content-wrapper\">\n\t\t\t\t\t\t\t\t\t<span class=\"elementor-button-text\">IMMOBILIENENTWICKLUNG AUF MALLORCA ERKUNDEN<\/span>\n\t\t\t\t\t<\/span>\n\t\t\t\t\t<\/a>\n\t\t\t\t<\/div>\n\t\t\t\t\t\t\t\t<\/div>\n\t\t\t\t<\/div>\n\t\t\t\t\t<\/div>\n\t\t\t\t<\/div>\n\t\t<div class=\"elementor-element elementor-element-8130fb2 e-con-full e-flex e-con e-parent\" data-id=\"8130fb2\" data-element_type=\"container\" data-settings=\"{&quot;background_background&quot;:&quot;classic&quot;}\">\n\t\t<div class=\"elementor-element elementor-element-5218fb4 e-con-full e-flex e-con e-child\" data-id=\"5218fb4\" data-element_type=\"container\" data-settings=\"{&quot;background_background&quot;:&quot;classic&quot;}\">\n\t\t\t\t<div class=\"elementor-element elementor-element-81e3415 elementor-widget elementor-widget-heading\" data-id=\"81e3415\" data-element_type=\"widget\" data-widget_type=\"heading.default\">\n\t\t\t\t<div class=\"elementor-widget-container\">\n\t\t\t\t\t<h4 class=\"elementor-heading-title elementor-size-default\">TRETEN SIE UNSEREM NETZWERK BEI\u200b<\/h4>\t\t\t\t<\/div>\n\t\t\t\t<\/div>\n\t\t\t\t<div class=\"elementor-element elementor-element-d652f3e elementor-widget__width-inherit elementor-button-align-stretch elementor-widget elementor-widget-form\" data-id=\"d652f3e\" data-element_type=\"widget\" data-settings=\"{&quot;step_next_label&quot;:&quot;Weiter&quot;,&quot;step_previous_label&quot;:&quot;Vorherige&quot;,&quot;button_width&quot;:&quot;100&quot;,&quot;step_type&quot;:&quot;number_text&quot;,&quot;step_icon_shape&quot;:&quot;circle&quot;}\" data-widget_type=\"form.default\">\n\t\t\t\t<div class=\"elementor-widget-container\">\n\t\t\t\t\t\t\t<form class=\"elementor-form\" method=\"post\" name=\"Newsletter abonnieren\">\n\t\t\t<input type=\"hidden\" name=\"post_id\" value=\"21665\"\/>\n\t\t\t<input type=\"hidden\" name=\"form_id\" value=\"d652f3e\"\/>\n\t\t\t<input type=\"hidden\" name=\"referer_title\" value=\"Selling Sunset Mallorca\" \/>\n\n\t\t\t\n\t\t\t<div class=\"elementor-form-fields-wrapper elementor-labels-above\">\n\t\t\t\t\t\t\t\t<div class=\"elementor-field-type-text elementor-field-group elementor-column elementor-field-group-field_5446616 elementor-col-100 elementor-field-required elementor-mark-required\">\n\t\t\t\t\t\t\t\t\t\t\t\t<label for=\"form-field-field_5446616\" class=\"elementor-field-label\">\n\t\t\t\t\t\t\t\tVornamen\t\t\t\t\t\t\t<\/label>\n\t\t\t\t\t\t\t\t\t\t\t\t\t\t<input size=\"1\" type=\"text\" name=\"form_fields[field_5446616]\" id=\"form-field-field_5446616\" class=\"elementor-field elementor-size-sm  elementor-field-textual\" placeholder=\"Vornamen\" required=\"required\">\n\t\t\t\t\t\t\t\t\t\t\t<\/div>\n\t\t\t\t\t\t\t\t<div class=\"elementor-field-type-text elementor-field-group elementor-column elementor-field-group-field_a547367 elementor-col-100 elementor-field-required elementor-mark-required\">\n\t\t\t\t\t\t\t\t\t\t\t\t<label for=\"form-field-field_a547367\" class=\"elementor-field-label\">\n\t\t\t\t\t\t\t\tNachname\t\t\t\t\t\t\t<\/label>\n\t\t\t\t\t\t\t\t\t\t\t\t\t\t<input size=\"1\" type=\"text\" name=\"form_fields[field_a547367]\" id=\"form-field-field_a547367\" class=\"elementor-field elementor-size-sm  elementor-field-textual\" placeholder=\"Nachname\" required=\"required\">\n\t\t\t\t\t\t\t\t\t\t\t<\/div>\n\t\t\t\t\t\t\t\t<div class=\"elementor-field-type-email elementor-field-group elementor-column elementor-field-group-email elementor-col-100 elementor-field-required elementor-mark-required\">\n\t\t\t\t\t\t\t\t\t\t\t\t<label for=\"form-field-email\" class=\"elementor-field-label\">\n\t\t\t\t\t\t\t\tE-Mail\t\t\t\t\t\t\t<\/label>\n\t\t\t\t\t\t\t\t\t\t\t\t\t\t<input size=\"1\" type=\"email\" name=\"form_fields[email]\" id=\"form-field-email\" class=\"elementor-field elementor-size-sm  elementor-field-textual\" placeholder=\"E-Mail\" required=\"required\">\n\t\t\t\t\t\t\t\t\t\t\t<\/div>\n\t\t\t\t\t\t\t\t<div class=\"elementor-field-group elementor-column elementor-field-type-submit elementor-col-100 e-form__buttons\">\n\t\t\t\t\t<button class=\"elementor-button elementor-size-sm\" type=\"submit\">\n\t\t\t\t\t\t<span class=\"elementor-button-content-wrapper\">\n\t\t\t\t\t\t\t\t\t\t\t\t\t\t\t\t\t\t\t\t\t\t<span class=\"elementor-button-text\">Absenden<\/span>\n\t\t\t\t\t\t\t\t\t\t\t\t\t<\/span>\n\t\t\t\t\t<\/button>\n\t\t\t\t<\/div>\n\t\t\t<\/div>\n\t\t<\/form>\n\t\t\t\t\t\t<\/div>\n\t\t\t\t<\/div>\n\t\t\t\t<\/div>\n\t\t<div class=\"elementor-element elementor-element-cd4f40f e-con-full e-flex e-con e-child\" data-id=\"cd4f40f\" data-element_type=\"container\" data-settings=\"{&quot;background_background&quot;:&quot;classic&quot;}\">\n\t\t\t\t<div class=\"elementor-element elementor-element-499df0a elementor-widget__width-initial elementor-widget elementor-widget-heading\" data-id=\"499df0a\" data-element_type=\"widget\" data-widget_type=\"heading.default\">\n\t\t\t\t<div class=\"elementor-widget-container\">\n\t\t\t\t\t<h2 class=\"elementor-heading-title elementor-size-default\">LUXUSIMMOBILIEN NEWSLETTER<\/h2>\t\t\t\t<\/div>\n\t\t\t\t<\/div>\n\t\t\t\t<div class=\"elementor-element elementor-element-65408a9 elementor-widget elementor-widget-text-editor\" data-id=\"65408a9\" data-element_type=\"widget\" data-widget_type=\"text-editor.default\">\n\t\t\t\t<div class=\"elementor-widget-container\">\n\t\t\t\t\t\t\t\t\t<p class=\"p1\">Bleiben Sie auf dem neuesten Stand \u00fcber erstklassige Immobilien- und Entwicklungsprojekte auf Mallorca.<\/p>\t\t\t\t\t\t\t\t<\/div>\n\t\t\t\t<\/div>\n\t\t<div class=\"elementor-element elementor-element-dfd59c8 e-flex e-con-boxed e-con e-child\" data-id=\"dfd59c8\" data-element_type=\"container\" data-settings=\"{&quot;background_background&quot;:&quot;classic&quot;}\">\n\t\t\t\t\t<div class=\"e-con-inner\">\n\t\t\t\t<div class=\"elementor-element elementor-element-0a95385 elementor-widget elementor-widget-text-editor\" data-id=\"0a95385\" data-element_type=\"widget\" data-widget_type=\"text-editor.default\">\n\t\t\t\t<div class=\"elementor-widget-container\">\n\t\t\t\t\t\t\t\t\t<p>Rufen Sie uns an<\/p>\n\t\t\t\t\t\t\t\t<\/div>\n\t\t\t\t<\/div>\n\t\t\t\t<div class=\"elementor-element elementor-element-d634a95 elementor-widget elementor-widget-text-editor\" data-id=\"d634a95\" data-element_type=\"widget\" data-widget_type=\"text-editor.default\">\n\t\t\t\t<div class=\"elementor-widget-container\">\n\t\t\t\t\t\t\t\t\t<p><span style=\"color: #ffffff;\"><a style=\"color: #ffffff;\" href=\"tel:+34638795666\">+34 638 79 56 66<\/a><\/span><\/p>\n\t\t\t\t\t\t\t\t<\/div>\n\t\t\t\t<\/div>\n\t\t\t\t\t<\/div>\n\t\t\t\t<\/div>\n\t\t\t\t<\/div>\n\t\t\t\t<\/div>\n\t\t\t\t<\/div>\n\t\t","protected":false},"excerpt":{"rendered":"<p>Neubauten auf Mallorca Ein Traumhaus von Grund auf zu bauen, ist eine monumentale Entscheidung, bei der sich Vision, Umsetzung und Expertise verbinden. Um dieses Vorhaben zu meistern, braucht man ein umfassendes Verst\u00e4ndnis der lokalen Vorschriften, Lizenzen und der Feinheiten der mallorquinischen Immobilienentwicklung. \u00a0 Bei Selling Sunset Mallorca vereinfachen wir diesen komplexen Prozess f\u00fcr Sie. Unser Immobilienentwicklungsservice ist darauf ausgerichtet, jede Frage zu beantworten, jedes &#8230;<\/p>\n","protected":false},"author":1,"featured_media":0,"parent":0,"menu_order":0,"comment_status":"closed","ping_status":"closed","template":"elementor_header_footer","meta":{"footnotes":""},"class_list":["post-21665","page","type-page","status-publish","hentry"],"yoast_head":"<!-- This site is optimized with the Yoast SEO plugin v25.3.1 - https:\/\/yoast.com\/wordpress\/plugins\/seo\/ -->\n<title>Immobilienentwicklung - Selling Sunset Mallorca<\/title>\n<meta name=\"robots\" content=\"index, follow, max-snippet:-1, max-image-preview:large, max-video-preview:-1\" \/>\n<link rel=\"canonical\" href=\"https:\/\/sellingsunsetmallorca.com\/de\/immobilienentwicklung\/\" \/>\n<meta property=\"og:locale\" content=\"de_DE\" \/>\n<meta property=\"og:type\" content=\"article\" \/>\n<meta property=\"og:title\" content=\"Immobilienentwicklung - Selling Sunset Mallorca\" \/>\n<meta property=\"og:description\" content=\"Neubauten auf Mallorca Ein Traumhaus von Grund auf zu bauen, ist eine monumentale Entscheidung, bei der sich Vision, Umsetzung und Expertise verbinden. Um dieses Vorhaben zu meistern, braucht man ein umfassendes Verst\u00e4ndnis der lokalen Vorschriften, Lizenzen und der Feinheiten der mallorquinischen Immobilienentwicklung. \u00a0 Bei Selling Sunset Mallorca vereinfachen wir diesen komplexen Prozess f\u00fcr Sie. Unser Immobilienentwicklungsservice ist darauf ausgerichtet, jede Frage zu beantworten, jedes ...\" \/>\n<meta property=\"og:url\" content=\"https:\/\/sellingsunsetmallorca.com\/de\/immobilienentwicklung\/\" \/>\n<meta property=\"og:site_name\" content=\"Selling Sunset Mallorca\" \/>\n<meta property=\"article:modified_time\" content=\"2024-04-02T15:17:51+00:00\" \/>\n<meta name=\"twitter:card\" content=\"summary_large_image\" \/>\n<meta name=\"twitter:label1\" content=\"Gesch\u00e4tzte Lesezeit\" \/>\n\t<meta name=\"twitter:data1\" content=\"2\u00a0Minuten\" \/>\n<script type=\"application\/ld+json\" class=\"yoast-schema-graph\">{\"@context\":\"https:\/\/schema.org\",\"@graph\":[{\"@type\":\"WebPage\",\"@id\":\"https:\/\/sellingsunsetmallorca.com\/de\/immobilienentwicklung\/\",\"url\":\"https:\/\/sellingsunsetmallorca.com\/de\/immobilienentwicklung\/\",\"name\":\"Immobilienentwicklung - Selling Sunset Mallorca\",\"isPartOf\":{\"@id\":\"https:\/\/sellingsunsetmallorca.com\/de\/#website\"},\"datePublished\":\"2023-11-03T14:30:12+00:00\",\"dateModified\":\"2024-04-02T15:17:51+00:00\",\"breadcrumb\":{\"@id\":\"https:\/\/sellingsunsetmallorca.com\/de\/immobilienentwicklung\/#breadcrumb\"},\"inLanguage\":\"de\",\"potentialAction\":[{\"@type\":\"ReadAction\",\"target\":[\"https:\/\/sellingsunsetmallorca.com\/de\/immobilienentwicklung\/\"]}]},{\"@type\":\"BreadcrumbList\",\"@id\":\"https:\/\/sellingsunsetmallorca.com\/de\/immobilienentwicklung\/#breadcrumb\",\"itemListElement\":[{\"@type\":\"ListItem\",\"position\":1,\"name\":\"Home\",\"item\":\"https:\/\/sellingsunsetmallorca.com\/de\/\"},{\"@type\":\"ListItem\",\"position\":2,\"name\":\"Immobilienentwicklung\"}]},{\"@type\":\"WebSite\",\"@id\":\"https:\/\/sellingsunsetmallorca.com\/de\/#website\",\"url\":\"https:\/\/sellingsunsetmallorca.com\/de\/\",\"name\":\"Selling Sunset Mallorca\",\"description\":\"Unique properties for every lifestyle\",\"publisher\":{\"@id\":\"https:\/\/sellingsunsetmallorca.com\/de\/#organization\"},\"potentialAction\":[{\"@type\":\"SearchAction\",\"target\":{\"@type\":\"EntryPoint\",\"urlTemplate\":\"https:\/\/sellingsunsetmallorca.com\/de\/?s={search_term_string}\"},\"query-input\":{\"@type\":\"PropertyValueSpecification\",\"valueRequired\":true,\"valueName\":\"search_term_string\"}}],\"inLanguage\":\"de\"},{\"@type\":\"Organization\",\"@id\":\"https:\/\/sellingsunsetmallorca.com\/de\/#organization\",\"name\":\"Selling Sunset Mallorca\",\"url\":\"https:\/\/sellingsunsetmallorca.com\/de\/\",\"logo\":{\"@type\":\"ImageObject\",\"inLanguage\":\"de\",\"@id\":\"https:\/\/sellingsunsetmallorca.com\/de\/#\/schema\/logo\/image\/\",\"url\":\"https:\/\/sellingsunsetmallorca.com\/wp-content\/uploads\/2023\/09\/selling-sunset-horizontal-red.svg\",\"contentUrl\":\"https:\/\/sellingsunsetmallorca.com\/wp-content\/uploads\/2023\/09\/selling-sunset-horizontal-red.svg\",\"width\":277,\"height\":41,\"caption\":\"Selling Sunset Mallorca\"},\"image\":{\"@id\":\"https:\/\/sellingsunsetmallorca.com\/de\/#\/schema\/logo\/image\/\"}}]}<\/script>\n<!-- \/ Yoast SEO plugin. -->","yoast_head_json":{"title":"Immobilienentwicklung - Selling Sunset Mallorca","robots":{"index":"index","follow":"follow","max-snippet":"max-snippet:-1","max-image-preview":"max-image-preview:large","max-video-preview":"max-video-preview:-1"},"canonical":"https:\/\/sellingsunsetmallorca.com\/de\/immobilienentwicklung\/","og_locale":"de_DE","og_type":"article","og_title":"Immobilienentwicklung - Selling Sunset Mallorca","og_description":"Neubauten auf Mallorca Ein Traumhaus von Grund auf zu bauen, ist eine monumentale Entscheidung, bei der sich Vision, Umsetzung und Expertise verbinden. Um dieses Vorhaben zu meistern, braucht man ein umfassendes Verst\u00e4ndnis der lokalen Vorschriften, Lizenzen und der Feinheiten der mallorquinischen Immobilienentwicklung. \u00a0 Bei Selling Sunset Mallorca vereinfachen wir diesen komplexen Prozess f\u00fcr Sie. Unser Immobilienentwicklungsservice ist darauf ausgerichtet, jede Frage zu beantworten, jedes ...","og_url":"https:\/\/sellingsunsetmallorca.com\/de\/immobilienentwicklung\/","og_site_name":"Selling Sunset Mallorca","article_modified_time":"2024-04-02T15:17:51+00:00","twitter_card":"summary_large_image","twitter_misc":{"Gesch\u00e4tzte Lesezeit":"2\u00a0Minuten"},"schema":{"@context":"https:\/\/schema.org","@graph":[{"@type":"WebPage","@id":"https:\/\/sellingsunsetmallorca.com\/de\/immobilienentwicklung\/","url":"https:\/\/sellingsunsetmallorca.com\/de\/immobilienentwicklung\/","name":"Immobilienentwicklung - Selling Sunset Mallorca","isPartOf":{"@id":"https:\/\/sellingsunsetmallorca.com\/de\/#website"},"datePublished":"2023-11-03T14:30:12+00:00","dateModified":"2024-04-02T15:17:51+00:00","breadcrumb":{"@id":"https:\/\/sellingsunsetmallorca.com\/de\/immobilienentwicklung\/#breadcrumb"},"inLanguage":"de","potentialAction":[{"@type":"ReadAction","target":["https:\/\/sellingsunsetmallorca.com\/de\/immobilienentwicklung\/"]}]},{"@type":"BreadcrumbList","@id":"https:\/\/sellingsunsetmallorca.com\/de\/immobilienentwicklung\/#breadcrumb","itemListElement":[{"@type":"ListItem","position":1,"name":"Home","item":"https:\/\/sellingsunsetmallorca.com\/de\/"},{"@type":"ListItem","position":2,"name":"Immobilienentwicklung"}]},{"@type":"WebSite","@id":"https:\/\/sellingsunsetmallorca.com\/de\/#website","url":"https:\/\/sellingsunsetmallorca.com\/de\/","name":"Selling Sunset Mallorca","description":"Unique properties for every lifestyle","publisher":{"@id":"https:\/\/sellingsunsetmallorca.com\/de\/#organization"},"potentialAction":[{"@type":"SearchAction","target":{"@type":"EntryPoint","urlTemplate":"https:\/\/sellingsunsetmallorca.com\/de\/?s={search_term_string}"},"query-input":{"@type":"PropertyValueSpecification","valueRequired":true,"valueName":"search_term_string"}}],"inLanguage":"de"},{"@type":"Organization","@id":"https:\/\/sellingsunsetmallorca.com\/de\/#organization","name":"Selling Sunset Mallorca","url":"https:\/\/sellingsunsetmallorca.com\/de\/","logo":{"@type":"ImageObject","inLanguage":"de","@id":"https:\/\/sellingsunsetmallorca.com\/de\/#\/schema\/logo\/image\/","url":"https:\/\/sellingsunsetmallorca.com\/wp-content\/uploads\/2023\/09\/selling-sunset-horizontal-red.svg","contentUrl":"https:\/\/sellingsunsetmallorca.com\/wp-content\/uploads\/2023\/09\/selling-sunset-horizontal-red.svg","width":277,"height":41,"caption":"Selling Sunset Mallorca"},"image":{"@id":"https:\/\/sellingsunsetmallorca.com\/de\/#\/schema\/logo\/image\/"}}]}},"_links":{"self":[{"href":"https:\/\/sellingsunsetmallorca.com\/de\/wp-json\/wp\/v2\/pages\/21665","targetHints":{"allow":["GET"]}}],"collection":[{"href":"https:\/\/sellingsunsetmallorca.com\/de\/wp-json\/wp\/v2\/pages"}],"about":[{"href":"https:\/\/sellingsunsetmallorca.com\/de\/wp-json\/wp\/v2\/types\/page"}],"author":[{"embeddable":true,"href":"https:\/\/sellingsunsetmallorca.com\/de\/wp-json\/wp\/v2\/users\/1"}],"replies":[{"embeddable":true,"href":"https:\/\/sellingsunsetmallorca.com\/de\/wp-json\/wp\/v2\/comments?post=21665"}],"version-history":[{"count":6,"href":"https:\/\/sellingsunsetmallorca.com\/de\/wp-json\/wp\/v2\/pages\/21665\/revisions"}],"predecessor-version":[{"id":21975,"href":"https:\/\/sellingsunsetmallorca.com\/de\/wp-json\/wp\/v2\/pages\/21665\/revisions\/21975"}],"wp:attachment":[{"href":"https:\/\/sellingsunsetmallorca.com\/de\/wp-json\/wp\/v2\/media?parent=21665"}],"curies":[{"name":"wp","href":"https:\/\/api.w.org\/{rel}","templated":true}]}}