{"id":21690,"date":"2023-12-11T15:16:39","date_gmt":"2023-12-11T15:16:39","guid":{"rendered":"https:\/\/sellingsunsetmallorca.com\/bedingungen-und-konditionen\/"},"modified":"2024-03-27T11:05:02","modified_gmt":"2024-03-27T11:05:02","slug":"allgemeine-geschaeftsbedingungen","status":"publish","type":"page","link":"https:\/\/sellingsunsetmallorca.com\/de\/allgemeine-geschaeftsbedingungen\/","title":{"rendered":"Allgemeine Gesch\u00e4ftsbedingungen"},"content":{"rendered":"\t\t<div data-elementor-type=\"wp-post\" data-elementor-id=\"21690\" class=\"elementor elementor-21690 elementor-20351\" data-elementor-post-type=\"page\">\n\t\t\t\t<div class=\"elementor-element elementor-element-fc944f9 e-con-full e-flex e-con e-parent\" data-id=\"fc944f9\" data-element_type=\"container\" data-settings=\"{&quot;background_background&quot;:&quot;classic&quot;}\">\n\t\t\t\t<div class=\"elementor-element elementor-element-a160826 elementor-widget elementor-widget-heading\" data-id=\"a160826\" data-element_type=\"widget\" data-widget_type=\"heading.default\">\n\t\t\t\t<div class=\"elementor-widget-container\">\n\t\t\t\t\t<h2 class=\"elementor-heading-title elementor-size-default\">Allgemeine Gesch\u00e4ftsbedingungen<\/h2>\t\t\t\t<\/div>\n\t\t\t\t<\/div>\n\t\t\t\t<\/div>\n\t\t<div class=\"elementor-element elementor-element-f2b5faf e-flex e-con-boxed e-con e-parent\" data-id=\"f2b5faf\" data-element_type=\"container\">\n\t\t\t\t\t<div class=\"e-con-inner\">\n\t\t<div class=\"elementor-element elementor-element-f2e90bb e-con-full e-flex e-con e-child\" data-id=\"f2e90bb\" data-element_type=\"container\">\n\t\t\t\t<div class=\"elementor-element elementor-element-c18861c elementor-widget elementor-widget-heading\" data-id=\"c18861c\" data-element_type=\"widget\" data-widget_type=\"heading.default\">\n\t\t\t\t<div class=\"elementor-widget-container\">\n\t\t\t\t\t<h2 class=\"elementor-heading-title elementor-size-default\">1. Einleitung<\/h2>\t\t\t\t<\/div>\n\t\t\t\t<\/div>\n\t\t\t\t<div class=\"elementor-element elementor-element-fe3dbd8 elementor-widget elementor-widget-text-editor\" data-id=\"fe3dbd8\" data-element_type=\"widget\" data-widget_type=\"text-editor.default\">\n\t\t\t\t<div class=\"elementor-widget-container\">\n\t\t\t\t\t\t\t\t\t<p>Willkommen bei Selling Sunset Mallorca. Mit Ihrem Zugriff auf unsere Website und der Nutzung unserer Dienstleistungen erkl\u00e4ren Sie sich mit den folgenden Bedingungen einverstanden. Bitte lesen Sie diese Bedingungen sorgf\u00e4ltig durch. Wenn Sie mit diesen Bedingungen nicht einverstanden sind, sollten Sie diese Website nicht nutzen.<\/p>\t\t\t\t\t\t\t\t<\/div>\n\t\t\t\t<\/div>\n\t\t\t\t<\/div>\n\t\t<div class=\"elementor-element elementor-element-b2b061b e-con-full e-flex e-con e-child\" data-id=\"b2b061b\" data-element_type=\"container\">\n\t\t\t\t<div class=\"elementor-element elementor-element-b8c9783 elementor-widget elementor-widget-heading\" data-id=\"b8c9783\" data-element_type=\"widget\" data-widget_type=\"heading.default\">\n\t\t\t\t<div class=\"elementor-widget-container\">\n\t\t\t\t\t<h2 class=\"elementor-heading-title elementor-size-default\">2. Intellektuelles Eigentumsrecht<\/h2>\t\t\t\t<\/div>\n\t\t\t\t<\/div>\n\t\t\t\t<div class=\"elementor-element elementor-element-629442a elementor-widget elementor-widget-text-editor\" data-id=\"629442a\" data-element_type=\"widget\" data-widget_type=\"text-editor.default\">\n\t\t\t\t<div class=\"elementor-widget-container\">\n\t\t\t\t\t\t\t\t\t<p>Der Inhalt dieser Website, einschlie\u00dflich, aber nicht beschr\u00e4nkt auf Texte, Grafiken, Logos, Bilder und Software, ist das Eigentum von Selling Sunsets Mallorca S.L. oder deren Inhaltslieferanten und ist durch spanische und internationale Gesetze des intellektuellen Eigentums gesch\u00fctzt.<\/p>\t\t\t\t\t\t\t\t<\/div>\n\t\t\t\t<\/div>\n\t\t\t\t<\/div>\n\t\t<div class=\"elementor-element elementor-element-5f6ffe2 e-con-full e-flex e-con e-child\" data-id=\"5f6ffe2\" data-element_type=\"container\">\n\t\t\t\t<div class=\"elementor-element elementor-element-4180338 elementor-widget elementor-widget-heading\" data-id=\"4180338\" data-element_type=\"widget\" data-widget_type=\"heading.default\">\n\t\t\t\t<div class=\"elementor-widget-container\">\n\t\t\t\t\t<h2 class=\"elementor-heading-title elementor-size-default\">3. Nutzung der Website<\/h2>\t\t\t\t<\/div>\n\t\t\t\t<\/div>\n\t\t\t\t<div class=\"elementor-element elementor-element-9d501e9 elementor-widget elementor-widget-text-editor\" data-id=\"9d501e9\" data-element_type=\"widget\" data-widget_type=\"text-editor.default\">\n\t\t\t\t<div class=\"elementor-widget-container\">\n\t\t\t\t\t\t\t\t\t<p><span style=\"font-weight: 400;\">Diese Website ist f\u00fcr den pers\u00f6nlichen, nicht kommerziellen Gebrauch bestimmt. Sie d\u00fcrfen diese Website nicht f\u00fcr unrechtm\u00e4\u00dfige Zwecke nutzen. Sie verpflichten sich, diese Website verantwortungsvoll zu nutzen und keine St\u00f6rungen oder Sch\u00e4den an der Website oder ihrer Funktionalit\u00e4t zu verursachen.<\/span><\/p>\t\t\t\t\t\t\t\t<\/div>\n\t\t\t\t<\/div>\n\t\t\t\t<\/div>\n\t\t<div class=\"elementor-element elementor-element-5d4ea4d e-con-full e-flex e-con e-child\" data-id=\"5d4ea4d\" data-element_type=\"container\">\n\t\t\t\t<div class=\"elementor-element elementor-element-a540df4 elementor-widget elementor-widget-heading\" data-id=\"a540df4\" data-element_type=\"widget\" data-widget_type=\"heading.default\">\n\t\t\t\t<div class=\"elementor-widget-container\">\n\t\t\t\t\t<h2 class=\"elementor-heading-title elementor-size-default\">4. Haftungsausschluss<\/h2>\t\t\t\t<\/div>\n\t\t\t\t<\/div>\n\t\t\t\t<div class=\"elementor-element elementor-element-7a7dc50 elementor-widget elementor-widget-text-editor\" data-id=\"7a7dc50\" data-element_type=\"widget\" data-widget_type=\"text-editor.default\">\n\t\t\t\t<div class=\"elementor-widget-container\">\n\t\t\t\t\t\t\t\t\t<p><span style=\"font-weight: 400;\">Die Inhalte dieser Website werden ausschlie\u00dflich zu Informationszwecken bereitgestellt. Obwohl wir uns bem\u00fchen, die Richtigkeit und Authentizit\u00e4t der dargestellten Informationen zu gew\u00e4hrleisten, k\u00f6nnen wir nicht f\u00fcr ihre Vollst\u00e4ndigkeit oder Aktualit\u00e4t garantieren, da sie urspr\u00fcnglich von externen Quellen stammen k\u00f6nnen. Wir \u00fcbernehmen keine Haftung oder Verantwortung f\u00fcr die Inhalte externer Websites, die von unserer Seite aus verlinkt sind, und lehnen jede Haftung f\u00fcr Fehler oder andere Ungenauigkeiten in Bezug auf die Informationen und Beschreibungen der auf dieser Website aufgef\u00fchrten Immobilien und der damit verbundenen Dienstleistungen ab. Jegliche Reproduktion oder Vervielf\u00e4ltigung des Inhalts dieser Website ist ohne die ausdr\u00fcckliche Genehmigung unseres zust\u00e4ndigen Teams, dessen Kontaktdaten unten angegeben sind, strengstens untersagt.<\/span><\/p>\n\t\t\t\t\t\t\t\t<\/div>\n\t\t\t\t<\/div>\n\t\t\t\t<\/div>\n\t\t<div class=\"elementor-element elementor-element-9686e4a e-con-full e-flex e-con e-child\" data-id=\"9686e4a\" data-element_type=\"container\">\n\t\t\t\t<div class=\"elementor-element elementor-element-8b9a534 elementor-widget elementor-widget-heading\" data-id=\"8b9a534\" data-element_type=\"widget\" data-widget_type=\"heading.default\">\n\t\t\t\t<div class=\"elementor-widget-container\">\n\t\t\t\t\t<h2 class=\"elementor-heading-title elementor-size-default\">5. Datenschutz<\/h2>\t\t\t\t<\/div>\n\t\t\t\t<\/div>\n\t\t\t\t<div class=\"elementor-element elementor-element-899c233 elementor-widget elementor-widget-text-editor\" data-id=\"899c233\" data-element_type=\"widget\" data-widget_type=\"text-editor.default\">\n\t\t\t\t<div class=\"elementor-widget-container\">\n\t\t\t\t\t\t\t\t\t<p><span style=\"font-weight: 400;\">Unsere Datenschutzrichtlinie, in der dargelegt wird, wie wir Ihre Daten verwenden, finden Sie unter <\/span><a title=\"Datenschutzbestimmungen\" href=\"https:\/\/sellingsunsetmallorca.com\/privacy-policy\/\"><br \/><span style=\"font-weight: 400;\">www.sellingsunsetmallorca.com\/privacy-policy<\/span><br \/><\/a><span style=\"font-weight: 400;\">. Durch die Nutzung dieser Website erkl\u00e4ren Sie sich mit der darin beschriebenen Verarbeitung einverstanden und garantieren, dass alle von Ihnen angegebenen Daten korrekt sind.<\/span><\/p>\t\t\t\t\t\t\t\t<\/div>\n\t\t\t\t<\/div>\n\t\t\t\t<\/div>\n\t\t<div class=\"elementor-element elementor-element-d95f614 e-con-full e-flex e-con e-child\" data-id=\"d95f614\" data-element_type=\"container\">\n\t\t\t\t<div class=\"elementor-element elementor-element-53fa3cd elementor-widget elementor-widget-heading\" data-id=\"53fa3cd\" data-element_type=\"widget\" data-widget_type=\"heading.default\">\n\t\t\t\t<div class=\"elementor-widget-container\">\n\t\t\t\t\t<h2 class=\"elementor-heading-title elementor-size-default\">6. \u00c4nderungen der Allgemeinen Gesch\u00e4ftsbedingungen<\/h2>\t\t\t\t<\/div>\n\t\t\t\t<\/div>\n\t\t\t\t<div class=\"elementor-element elementor-element-e9eb12b elementor-widget elementor-widget-text-editor\" data-id=\"e9eb12b\" data-element_type=\"widget\" data-widget_type=\"text-editor.default\">\n\t\t\t\t<div class=\"elementor-widget-container\">\n\t\t\t\t\t\t\t\t\t<p><span style=\"font-weight: 400;\">Selling Sunsets Mallorca S.L. beh\u00e4lt sich das Recht vor, diese Allgemeinen Gesch\u00e4ftsbedingungen, unter denen diese Website angeboten wird, zu \u00e4ndern. Wir werden Sie \u00fcber alle \u00c4nderungen informieren, indem wir die neuen Bedingungen auf dieser Website ver\u00f6ffentlichen.<\/span><\/p>\t\t\t\t\t\t\t\t<\/div>\n\t\t\t\t<\/div>\n\t\t\t\t<\/div>\n\t\t<div class=\"elementor-element elementor-element-8cdfed2 e-con-full e-flex e-con e-child\" data-id=\"8cdfed2\" data-element_type=\"container\">\n\t\t\t\t<div class=\"elementor-element elementor-element-2a7ddab elementor-widget elementor-widget-heading\" data-id=\"2a7ddab\" data-element_type=\"widget\" data-widget_type=\"heading.default\">\n\t\t\t\t<div class=\"elementor-widget-container\">\n\t\t\t\t\t<h2 class=\"elementor-heading-title elementor-size-default\">7. Anwendbares Recht<\/h2>\t\t\t\t<\/div>\n\t\t\t\t<\/div>\n\t\t\t\t<div class=\"elementor-element elementor-element-52776a0 elementor-widget elementor-widget-text-editor\" data-id=\"52776a0\" data-element_type=\"widget\" data-widget_type=\"text-editor.default\">\n\t\t\t\t<div class=\"elementor-widget-container\">\n\t\t\t\t\t\t\t\t\t<p><span style=\"font-weight: 400;\">Diese Gesch\u00e4ftsbedingungen unterliegen den Gesetzen Spaniens und werden in \u00dcbereinstimmung mit diesen ausgelegt. F\u00fcr alle Streitigkeiten im Zusammenhang mit diesen Gesch\u00e4ftsbedingungen sind ausschlie\u00dflich die Gerichte von Palma de Mallorca zust\u00e4ndig.<\/span><\/p>\t\t\t\t\t\t\t\t<\/div>\n\t\t\t\t<\/div>\n\t\t\t\t<\/div>\n\t\t<div class=\"elementor-element elementor-element-e6b92e4 e-con-full e-flex e-con e-child\" data-id=\"e6b92e4\" data-element_type=\"container\">\n\t\t\t\t<div class=\"elementor-element elementor-element-38b011c elementor-widget elementor-widget-heading\" data-id=\"38b011c\" data-element_type=\"widget\" data-widget_type=\"heading.default\">\n\t\t\t\t<div class=\"elementor-widget-container\">\n\t\t\t\t\t<h2 class=\"elementor-heading-title elementor-size-default\">8. Kontakt<\/h2>\t\t\t\t<\/div>\n\t\t\t\t<\/div>\n\t\t\t\t<div class=\"elementor-element elementor-element-7a675f6 elementor-widget elementor-widget-text-editor\" data-id=\"7a675f6\" data-element_type=\"widget\" data-widget_type=\"text-editor.default\">\n\t\t\t\t<div class=\"elementor-widget-container\">\n\t\t\t\t\t\t\t\t\t<p><span style=\"font-weight: 400;\">Wenn Sie Fragen zu diesen Gesch\u00e4ftsbedingungen haben, wenden Sie sich bitte an uns:<\/span><\/p>\n<p><span style=\"font-weight: 400;\">+34 638 79 56 66<\/span><\/p>\n<p><a href=\"mailto:info@sellingsunsetmallorca.com\"><span style=\"font-weight: 400;\">info@sellingsunsetmallorca.com<\/span><\/a><\/p>\n\t\t\t\t\t\t\t\t<\/div>\n\t\t\t\t<\/div>\n\t\t\t\t<\/div>\n\t\t\t\t\t<\/div>\n\t\t\t\t<\/div>\n\t\t\t\t<\/div>\n\t\t","protected":false},"excerpt":{"rendered":"<p>Allgemeine Gesch\u00e4ftsbedingungen 1. Einleitung Willkommen bei Selling Sunset Mallorca. Mit Ihrem Zugriff auf unsere Website und der Nutzung unserer Dienstleistungen erkl\u00e4ren Sie sich mit den folgenden Bedingungen einverstanden. Bitte lesen Sie diese Bedingungen sorgf\u00e4ltig durch. Wenn Sie mit diesen Bedingungen nicht einverstanden sind, sollten Sie diese Website nicht nutzen. 2. Intellektuelles Eigentumsrecht Der Inhalt dieser Website, einschlie\u00dflich, aber nicht beschr\u00e4nkt auf Texte, Grafiken, Logos, &#8230;<\/p>\n","protected":false},"author":1,"featured_media":0,"parent":0,"menu_order":0,"comment_status":"closed","ping_status":"closed","template":"elementor_header_footer","meta":{"footnotes":""},"class_list":["post-21690","page","type-page","status-publish","hentry"],"yoast_head":"<!-- This site is optimized with the Yoast SEO plugin v25.3.1 - https:\/\/yoast.com\/wordpress\/plugins\/seo\/ -->\n<title>Allgemeine Gesch\u00e4ftsbedingungen - Selling Sunset Mallorca<\/title>\n<meta name=\"robots\" content=\"index, follow, max-snippet:-1, max-image-preview:large, max-video-preview:-1\" \/>\n<link rel=\"canonical\" href=\"https:\/\/sellingsunsetmallorca.com\/de\/allgemeine-geschaeftsbedingungen\/\" \/>\n<meta property=\"og:locale\" content=\"de_DE\" \/>\n<meta property=\"og:type\" content=\"article\" \/>\n<meta property=\"og:title\" content=\"Allgemeine Gesch\u00e4ftsbedingungen - Selling Sunset Mallorca\" \/>\n<meta property=\"og:description\" content=\"Allgemeine Gesch\u00e4ftsbedingungen 1. Einleitung Willkommen bei Selling Sunset Mallorca. Mit Ihrem Zugriff auf unsere Website und der Nutzung unserer Dienstleistungen erkl\u00e4ren Sie sich mit den folgenden Bedingungen einverstanden. Bitte lesen Sie diese Bedingungen sorgf\u00e4ltig durch. Wenn Sie mit diesen Bedingungen nicht einverstanden sind, sollten Sie diese Website nicht nutzen. 2. Intellektuelles Eigentumsrecht Der Inhalt dieser Website, einschlie\u00dflich, aber nicht beschr\u00e4nkt auf Texte, Grafiken, Logos, ...\" \/>\n<meta property=\"og:url\" content=\"https:\/\/sellingsunsetmallorca.com\/de\/allgemeine-geschaeftsbedingungen\/\" \/>\n<meta property=\"og:site_name\" content=\"Selling Sunset Mallorca\" \/>\n<meta property=\"article:modified_time\" content=\"2024-03-27T11:05:02+00:00\" \/>\n<meta name=\"twitter:card\" content=\"summary_large_image\" \/>\n<meta name=\"twitter:label1\" content=\"Gesch\u00e4tzte Lesezeit\" \/>\n\t<meta name=\"twitter:data1\" content=\"2\u00a0Minuten\" \/>\n<script type=\"application\/ld+json\" class=\"yoast-schema-graph\">{\"@context\":\"https:\/\/schema.org\",\"@graph\":[{\"@type\":\"WebPage\",\"@id\":\"https:\/\/sellingsunsetmallorca.com\/de\/allgemeine-geschaeftsbedingungen\/\",\"url\":\"https:\/\/sellingsunsetmallorca.com\/de\/allgemeine-geschaeftsbedingungen\/\",\"name\":\"Allgemeine Gesch\u00e4ftsbedingungen - Selling Sunset Mallorca\",\"isPartOf\":{\"@id\":\"https:\/\/sellingsunsetmallorca.com\/de\/#website\"},\"datePublished\":\"2023-12-11T15:16:39+00:00\",\"dateModified\":\"2024-03-27T11:05:02+00:00\",\"breadcrumb\":{\"@id\":\"https:\/\/sellingsunsetmallorca.com\/de\/allgemeine-geschaeftsbedingungen\/#breadcrumb\"},\"inLanguage\":\"de\",\"potentialAction\":[{\"@type\":\"ReadAction\",\"target\":[\"https:\/\/sellingsunsetmallorca.com\/de\/allgemeine-geschaeftsbedingungen\/\"]}]},{\"@type\":\"BreadcrumbList\",\"@id\":\"https:\/\/sellingsunsetmallorca.com\/de\/allgemeine-geschaeftsbedingungen\/#breadcrumb\",\"itemListElement\":[{\"@type\":\"ListItem\",\"position\":1,\"name\":\"Home\",\"item\":\"https:\/\/sellingsunsetmallorca.com\/de\/\"},{\"@type\":\"ListItem\",\"position\":2,\"name\":\"Allgemeine Gesch\u00e4ftsbedingungen\"}]},{\"@type\":\"WebSite\",\"@id\":\"https:\/\/sellingsunsetmallorca.com\/de\/#website\",\"url\":\"https:\/\/sellingsunsetmallorca.com\/de\/\",\"name\":\"Selling Sunset Mallorca\",\"description\":\"Unique properties for every lifestyle\",\"publisher\":{\"@id\":\"https:\/\/sellingsunsetmallorca.com\/de\/#organization\"},\"potentialAction\":[{\"@type\":\"SearchAction\",\"target\":{\"@type\":\"EntryPoint\",\"urlTemplate\":\"https:\/\/sellingsunsetmallorca.com\/de\/?s={search_term_string}\"},\"query-input\":{\"@type\":\"PropertyValueSpecification\",\"valueRequired\":true,\"valueName\":\"search_term_string\"}}],\"inLanguage\":\"de\"},{\"@type\":\"Organization\",\"@id\":\"https:\/\/sellingsunsetmallorca.com\/de\/#organization\",\"name\":\"Selling Sunset Mallorca\",\"url\":\"https:\/\/sellingsunsetmallorca.com\/de\/\",\"logo\":{\"@type\":\"ImageObject\",\"inLanguage\":\"de\",\"@id\":\"https:\/\/sellingsunsetmallorca.com\/de\/#\/schema\/logo\/image\/\",\"url\":\"https:\/\/sellingsunsetmallorca.com\/wp-content\/uploads\/2023\/09\/selling-sunset-horizontal-red.svg\",\"contentUrl\":\"https:\/\/sellingsunsetmallorca.com\/wp-content\/uploads\/2023\/09\/selling-sunset-horizontal-red.svg\",\"width\":277,\"height\":41,\"caption\":\"Selling Sunset Mallorca\"},\"image\":{\"@id\":\"https:\/\/sellingsunsetmallorca.com\/de\/#\/schema\/logo\/image\/\"}}]}<\/script>\n<!-- \/ Yoast SEO plugin. -->","yoast_head_json":{"title":"Allgemeine Gesch\u00e4ftsbedingungen - Selling Sunset Mallorca","robots":{"index":"index","follow":"follow","max-snippet":"max-snippet:-1","max-image-preview":"max-image-preview:large","max-video-preview":"max-video-preview:-1"},"canonical":"https:\/\/sellingsunsetmallorca.com\/de\/allgemeine-geschaeftsbedingungen\/","og_locale":"de_DE","og_type":"article","og_title":"Allgemeine Gesch\u00e4ftsbedingungen - Selling Sunset Mallorca","og_description":"Allgemeine Gesch\u00e4ftsbedingungen 1. Einleitung Willkommen bei Selling Sunset Mallorca. Mit Ihrem Zugriff auf unsere Website und der Nutzung unserer Dienstleistungen erkl\u00e4ren Sie sich mit den folgenden Bedingungen einverstanden. Bitte lesen Sie diese Bedingungen sorgf\u00e4ltig durch. Wenn Sie mit diesen Bedingungen nicht einverstanden sind, sollten Sie diese Website nicht nutzen. 2. Intellektuelles Eigentumsrecht Der Inhalt dieser Website, einschlie\u00dflich, aber nicht beschr\u00e4nkt auf Texte, Grafiken, Logos, ...","og_url":"https:\/\/sellingsunsetmallorca.com\/de\/allgemeine-geschaeftsbedingungen\/","og_site_name":"Selling Sunset Mallorca","article_modified_time":"2024-03-27T11:05:02+00:00","twitter_card":"summary_large_image","twitter_misc":{"Gesch\u00e4tzte Lesezeit":"2\u00a0Minuten"},"schema":{"@context":"https:\/\/schema.org","@graph":[{"@type":"WebPage","@id":"https:\/\/sellingsunsetmallorca.com\/de\/allgemeine-geschaeftsbedingungen\/","url":"https:\/\/sellingsunsetmallorca.com\/de\/allgemeine-geschaeftsbedingungen\/","name":"Allgemeine Gesch\u00e4ftsbedingungen - Selling Sunset Mallorca","isPartOf":{"@id":"https:\/\/sellingsunsetmallorca.com\/de\/#website"},"datePublished":"2023-12-11T15:16:39+00:00","dateModified":"2024-03-27T11:05:02+00:00","breadcrumb":{"@id":"https:\/\/sellingsunsetmallorca.com\/de\/allgemeine-geschaeftsbedingungen\/#breadcrumb"},"inLanguage":"de","potentialAction":[{"@type":"ReadAction","target":["https:\/\/sellingsunsetmallorca.com\/de\/allgemeine-geschaeftsbedingungen\/"]}]},{"@type":"BreadcrumbList","@id":"https:\/\/sellingsunsetmallorca.com\/de\/allgemeine-geschaeftsbedingungen\/#breadcrumb","itemListElement":[{"@type":"ListItem","position":1,"name":"Home","item":"https:\/\/sellingsunsetmallorca.com\/de\/"},{"@type":"ListItem","position":2,"name":"Allgemeine Gesch\u00e4ftsbedingungen"}]},{"@type":"WebSite","@id":"https:\/\/sellingsunsetmallorca.com\/de\/#website","url":"https:\/\/sellingsunsetmallorca.com\/de\/","name":"Selling Sunset Mallorca","description":"Unique properties for every lifestyle","publisher":{"@id":"https:\/\/sellingsunsetmallorca.com\/de\/#organization"},"potentialAction":[{"@type":"SearchAction","target":{"@type":"EntryPoint","urlTemplate":"https:\/\/sellingsunsetmallorca.com\/de\/?s={search_term_string}"},"query-input":{"@type":"PropertyValueSpecification","valueRequired":true,"valueName":"search_term_string"}}],"inLanguage":"de"},{"@type":"Organization","@id":"https:\/\/sellingsunsetmallorca.com\/de\/#organization","name":"Selling Sunset Mallorca","url":"https:\/\/sellingsunsetmallorca.com\/de\/","logo":{"@type":"ImageObject","inLanguage":"de","@id":"https:\/\/sellingsunsetmallorca.com\/de\/#\/schema\/logo\/image\/","url":"https:\/\/sellingsunsetmallorca.com\/wp-content\/uploads\/2023\/09\/selling-sunset-horizontal-red.svg","contentUrl":"https:\/\/sellingsunsetmallorca.com\/wp-content\/uploads\/2023\/09\/selling-sunset-horizontal-red.svg","width":277,"height":41,"caption":"Selling Sunset Mallorca"},"image":{"@id":"https:\/\/sellingsunsetmallorca.com\/de\/#\/schema\/logo\/image\/"}}]}},"_links":{"self":[{"href":"https:\/\/sellingsunsetmallorca.com\/de\/wp-json\/wp\/v2\/pages\/21690","targetHints":{"allow":["GET"]}}],"collection":[{"href":"https:\/\/sellingsunsetmallorca.com\/de\/wp-json\/wp\/v2\/pages"}],"about":[{"href":"https:\/\/sellingsunsetmallorca.com\/de\/wp-json\/wp\/v2\/types\/page"}],"author":[{"embeddable":true,"href":"https:\/\/sellingsunsetmallorca.com\/de\/wp-json\/wp\/v2\/users\/1"}],"replies":[{"embeddable":true,"href":"https:\/\/sellingsunsetmallorca.com\/de\/wp-json\/wp\/v2\/comments?post=21690"}],"version-history":[{"count":6,"href":"https:\/\/sellingsunsetmallorca.com\/de\/wp-json\/wp\/v2\/pages\/21690\/revisions"}],"predecessor-version":[{"id":21928,"href":"https:\/\/sellingsunsetmallorca.com\/de\/wp-json\/wp\/v2\/pages\/21690\/revisions\/21928"}],"wp:attachment":[{"href":"https:\/\/sellingsunsetmallorca.com\/de\/wp-json\/wp\/v2\/media?parent=21690"}],"curies":[{"name":"wp","href":"https:\/\/api.w.org\/{rel}","templated":true}]}}